{"id":623,"date":"2026-04-07T18:42:51","date_gmt":"2026-04-07T18:42:51","guid":{"rendered":"https:\/\/formation-trauma.projet.usherbrooke.ca\/?page_id=623"},"modified":"2026-04-15T18:06:38","modified_gmt":"2026-04-15T18:06:38","slug":"certificat-de-participation","status":"publish","type":"page","link":"https:\/\/formation-trauma.projet.usherbrooke.ca\/?page_id=623","title":{"rendered":"Certificat de participation"},"content":{"rendered":"<style>.kb-row-layout-id623_e7fb14-a9 > .kt-row-column-wrap{align-content:center;}:where(.kb-row-layout-id623_e7fb14-a9 > .kt-row-column-wrap) > .wp-block-kadence-column{justify-content:center;}.kb-row-layout-id623_e7fb14-a9 > .kt-row-column-wrap{column-gap:var(--global-kb-gap-lg, 4rem);row-gap:var(--global-kb-gap-none, 0rem );max-width:1290px;padding-top:var(--global-kb-spacing-xxl, 5rem);padding-bottom:var(--global-kb-spacing-xxl, 5rem);grid-template-columns:minmax(0, 1fr);}.kb-row-layout-id623_e7fb14-a9{background-color:#e0ebf5;}.kb-row-layout-id623_e7fb14-a9 > .kt-row-layout-overlay{opacity:0.00;}.kb-row-layout-id623_e7fb14-a9 ,.kb-row-layout-id623_e7fb14-a9 h1,.kb-row-layout-id623_e7fb14-a9 h2,.kb-row-layout-id623_e7fb14-a9 h3,.kb-row-layout-id623_e7fb14-a9 h4,.kb-row-layout-id623_e7fb14-a9 h5,.kb-row-layout-id623_e7fb14-a9 h6{color:var(--global-palette3, #1A202C);}.kb-row-layout-id623_e7fb14-a9 a{color:var(--global-palette1, #3182CE);}.kb-row-layout-id623_e7fb14-a9 a:hover{color:var(--global-palette2, #2B6CB0);}@media all and (max-width: 1024px){.kb-row-layout-id623_e7fb14-a9 > .kt-row-column-wrap{grid-template-columns:minmax(0, 1fr);}}@media all and (max-width: 767px){.kb-row-layout-id623_e7fb14-a9 > .kt-row-column-wrap{grid-template-columns:minmax(0, 1fr);}}<\/style><div class=\"kb-row-layout-wrap kb-row-layout-id623_e7fb14-a9 alignnone kt-row-has-bg wp-block-kadence-rowlayout\"><div class=\"kt-row-column-wrap kt-has-1-columns kt-row-layout-equal kt-tab-layout-inherit kt-mobile-layout-row kt-row-valign-middle kb-theme-content-width\">\n<style>.kadence-column623_c4e2b4-17 > .kt-inside-inner-col{display:flex;}.kadence-column623_c4e2b4-17 > .kt-inside-inner-col,.kadence-column623_c4e2b4-17 > .kt-inside-inner-col:before{border-top-left-radius:0px;border-top-right-radius:0px;border-bottom-right-radius:0px;border-bottom-left-radius:0px;}.kadence-column623_c4e2b4-17 > .kt-inside-inner-col{column-gap:var(--global-kb-gap-sm, 1rem);}.kadence-column623_c4e2b4-17 > .kt-inside-inner-col{flex-direction:column;justify-content:center;}.kadence-column623_c4e2b4-17 > .kt-inside-inner-col > .aligncenter{width:100%;}.kt-row-column-wrap > .kadence-column623_c4e2b4-17{align-self:center;}.kt-inner-column-height-full:not(.kt-has-1-columns) > .wp-block-kadence-column.kadence-column623_c4e2b4-17{align-self:auto;}.kt-inner-column-height-full:not(.kt-has-1-columns) > .wp-block-kadence-column.kadence-column623_c4e2b4-17 > .kt-inside-inner-col{flex-direction:column;justify-content:center;}.kadence-column623_c4e2b4-17{text-align:center;}.kadence-column623_c4e2b4-17{position:relative;}@media all and (max-width: 1024px){.kt-row-column-wrap > .kadence-column623_c4e2b4-17{align-self:center;}}@media all and (max-width: 1024px){.kt-inner-column-height-full:not(.kt-has-1-columns) > .wp-block-kadence-column.kadence-column623_c4e2b4-17{align-self:auto;}}@media all and (max-width: 1024px){.kt-inner-column-height-full:not(.kt-has-1-columns) > .wp-block-kadence-column.kadence-column623_c4e2b4-17 > .kt-inside-inner-col{flex-direction:column;justify-content:center;}}@media all and (max-width: 1024px){.kadence-column623_c4e2b4-17 > .kt-inside-inner-col{flex-direction:column;justify-content:center;}}@media all and (max-width: 767px){.kt-row-column-wrap > .kadence-column623_c4e2b4-17{align-self:center;}.kt-inner-column-height-full:not(.kt-has-1-columns) > .wp-block-kadence-column.kadence-column623_c4e2b4-17{align-self:auto;}.kt-inner-column-height-full:not(.kt-has-1-columns) > .wp-block-kadence-column.kadence-column623_c4e2b4-17 > .kt-inside-inner-col{flex-direction:column;justify-content:center;}.kadence-column623_c4e2b4-17 > .kt-inside-inner-col{flex-direction:column;justify-content:center;}}<\/style>\n<div class=\"wp-block-kadence-column kadence-column623_c4e2b4-17\"><div class=\"kt-inside-inner-col\">\n<h1 class=\"wp-block-heading has--font-size has-palette-color-3-color has-text-color has-link-color wp-elements-46f32d6b95191c23798fc97456188389\" style=\"font-size:clamp(21.536px, 1.346rem + ((1vw - 3.2px) * 1.052), 35px);font-style:normal;font-weight:300\">Certificat de participation<\/h1>\n\n\n<style>.wp-block-kadence-advancedheading.kt-adv-heading623_c41684-48, .wp-block-kadence-advancedheading.kt-adv-heading623_c41684-48[data-kb-block=\"kb-adv-heading623_c41684-48\"]{max-width:611px;margin-right:auto;margin-left:auto;margin-top:0px;margin-bottom:var(--global-kb-spacing-lg, 3rem);text-align:center;font-size:18px;line-height:1.9em;font-weight:300;font-style:normal;font-family:Poppins;color:var(--global-palette3, #1A202C);}.wp-block-kadence-advancedheading.kt-adv-heading623_c41684-48 mark.kt-highlight, .wp-block-kadence-advancedheading.kt-adv-heading623_c41684-48[data-kb-block=\"kb-adv-heading623_c41684-48\"] mark.kt-highlight{font-style:normal;color:#f76a0c;-webkit-box-decoration-break:clone;box-decoration-break:clone;padding-top:0px;padding-right:0px;padding-bottom:0px;padding-left:0px;}.wp-block-kadence-advancedheading.kt-adv-heading623_c41684-48 img.kb-inline-image, .wp-block-kadence-advancedheading.kt-adv-heading623_c41684-48[data-kb-block=\"kb-adv-heading623_c41684-48\"] img.kb-inline-image{width:150px;vertical-align:baseline;}<\/style>\n<h2 class=\"kt-adv-heading623_c41684-48 wp-block-kadence-advancedheading has-theme-palette-3-color has-text-color\" data-kb-block=\"kb-adv-heading623_c41684-48\">Les personnes ayant compl\u00e9t\u00e9 la formation \u00e0 l&rsquo;aide du manuel de formation (volet VACS ou sant\u00e9 mentale) peuvent soumettre une demande de certificat de participation en compl\u00e9tant le questionnaire de validation des acquis. Si les r\u00e9ponses au questionnaire d\u00e9montrent qu&rsquo;une personne ma\u00eetrise de mani\u00e8re satisfaisante les comp\u00e9tences vis\u00e9es par la formation, un certificat de participation lui sera envoy\u00e9 par courriel.<\/h2>\n\n\n<style>.wp-block-kadence-advancedbtn.kb-btns623_78b21e-4d{gap:var(--global-kb-gap-xs, 0.5rem );justify-content:center;align-items:center;}.kt-btns623_78b21e-4d .kt-button{font-weight:normal;font-style:normal;}.kt-btns623_78b21e-4d .kt-btn-wrap-0{margin-right:5px;}.wp-block-kadence-advancedbtn.kt-btns623_78b21e-4d .kt-btn-wrap-0 .kt-button{color:#555555;border-color:#555555;}.wp-block-kadence-advancedbtn.kt-btns623_78b21e-4d .kt-btn-wrap-0 .kt-button:hover, .wp-block-kadence-advancedbtn.kt-btns623_78b21e-4d .kt-btn-wrap-0 .kt-button:focus{color:#ffffff;border-color:#444444;}.wp-block-kadence-advancedbtn.kt-btns623_78b21e-4d .kt-btn-wrap-0 .kt-button::before{display:none;}.wp-block-kadence-advancedbtn.kt-btns623_78b21e-4d .kt-btn-wrap-0 .kt-button:hover, .wp-block-kadence-advancedbtn.kt-btns623_78b21e-4d .kt-btn-wrap-0 .kt-button:focus{background:#444444;}<\/style>\n<div class=\"wp-block-kadence-advancedbtn kb-buttons-wrap kb-btns623_78b21e-4d\"><style>ul.menu .wp-block-kadence-advancedbtn .kb-btn623_0b0de8-70.kb-button{width:initial;}.wp-block-kadence-advancedbtn .kb-btn623_0b0de8-70.kb-button{color:var(--theme-palette-color-8, #ffffff);background:var(--theme-palette-color-7, #cd1f28);font-size:18px;}.wp-block-kadence-advancedbtn .kb-btn623_0b0de8-70.kb-button:hover, .wp-block-kadence-advancedbtn .kb-btn623_0b0de8-70.kb-button:focus{background:#ff4802;}<\/style><a class=\"kb-button kt-button button kb-btn623_0b0de8-70 kt-btn-size-standard kt-btn-width-type-auto kb-btn-global-inherit  kt-btn-has-text-true kt-btn-has-svg-false  wp-block-button__link wp-block-kadence-singlebtn\" href=\"https:\/\/udes.limesurvey.net\/363926?lang=fr\" target=\"_blank\" rel=\"noreferrer noopener\"><span class=\"kt-btn-inner-text\">Questionnaire de validation des apprentissages<\/span><\/a><\/div>\n<\/div><\/div>\n\n<\/div><\/div>","protected":false},"excerpt":{"rendered":"<p>Certificat de participation Les personnes ayant compl\u00e9t\u00e9 la formation \u00e0 l&rsquo;aide du manuel de formation (volet VACS ou sant\u00e9 mentale) peuvent soumettre une demande de certificat de participation en compl\u00e9tant le questionnaire de validation des acquis. Si les r\u00e9ponses au questionnaire d\u00e9montrent qu&rsquo;une personne ma\u00eetrise de mani\u00e8re satisfaisante les comp\u00e9tences vis\u00e9es par la formation, un [&hellip;]<\/p>\n","protected":false},"author":1,"featured_media":0,"parent":0,"menu_order":0,"comment_status":"closed","ping_status":"closed","template":"","meta":{"footnotes":""},"class_list":["post-623","page","type-page","status-publish","hentry"],"blocksy_meta":{"has_hero_section":"disabled","styles_descriptor":{"styles":{"desktop":"[data-prefix=\"single_page\"] {background-color:#fcfcfc;background-image:none;} [data-prefix=\"single_page\"] [class*=\"ct-container\"] > article[class*=\"post\"] {--has-boxed:var(--true);--has-wide:var(--false);background-color:var(--has-background, #fcfcfc);--theme-boxed-content-border-radius:3px;--theme-boxed-content-spacing:40px;}","tablet":"[data-prefix=\"single_page\"] [class*=\"ct-container\"] > article[class*=\"post\"] {--theme-boxed-content-spacing:35px;}","mobile":"[data-prefix=\"single_page\"] [class*=\"ct-container\"] > article[class*=\"post\"] {--theme-boxed-content-spacing:20px;}"},"google_fonts":[],"version":6},"vertical_spacing_source":"inherit","content_style_source":"custom","content_style":"boxed","background":{"background_type":"color","background_pattern":"type-1","background_image":{"attachment_id":null,"x":0,"y":0},"gradient":"linear-gradient(135deg,rgba(6,147,227,1) 0%,rgb(155,81,224) 100%)","background_repeat":"repeat","background_size":"auto","background_attachment":"scroll","patternColor":{"default":{"color":"#e5e7ea"}},"overlayColor":{"default":{"color":"CT_CSS_SKIP_RULE"}},"backgroundColor":{"default":{"color":"#fcfcfc"}}},"content_background":{"background_type":"color","background_pattern":"type-1","background_image":{"attachment_id":null,"x":0,"y":0},"gradient":"linear-gradient(135deg,rgba(6,147,227,1) 0%,rgb(155,81,224) 100%)","background_repeat":"repeat","background_size":"auto","background_attachment":"scroll","patternColor":{"default":{"color":"#e5e7ea"}},"overlayColor":{"default":{"color":"CT_CSS_SKIP_RULE"}},"backgroundColor":{"default":{"color":"#fcfcfc"}}},"content_boxed_shadow":{"inherit":false,"blur":18,"spread":-6,"v_offset":12,"h_offset":0,"inset":false,"enable":false,"color":{"color":"rgba(35, 57, 102, 0.02)"}}},"_links":{"self":[{"href":"https:\/\/formation-trauma.projet.usherbrooke.ca\/index.php?rest_route=\/wp\/v2\/pages\/623","targetHints":{"allow":["GET"]}}],"collection":[{"href":"https:\/\/formation-trauma.projet.usherbrooke.ca\/index.php?rest_route=\/wp\/v2\/pages"}],"about":[{"href":"https:\/\/formation-trauma.projet.usherbrooke.ca\/index.php?rest_route=\/wp\/v2\/types\/page"}],"author":[{"embeddable":true,"href":"https:\/\/formation-trauma.projet.usherbrooke.ca\/index.php?rest_route=\/wp\/v2\/users\/1"}],"replies":[{"embeddable":true,"href":"https:\/\/formation-trauma.projet.usherbrooke.ca\/index.php?rest_route=%2Fwp%2Fv2%2Fcomments&post=623"}],"version-history":[{"count":32,"href":"https:\/\/formation-trauma.projet.usherbrooke.ca\/index.php?rest_route=\/wp\/v2\/pages\/623\/revisions"}],"predecessor-version":[{"id":664,"href":"https:\/\/formation-trauma.projet.usherbrooke.ca\/index.php?rest_route=\/wp\/v2\/pages\/623\/revisions\/664"}],"wp:attachment":[{"href":"https:\/\/formation-trauma.projet.usherbrooke.ca\/index.php?rest_route=%2Fwp%2Fv2%2Fmedia&parent=623"}],"curies":[{"name":"wp","href":"https:\/\/api.w.org\/{rel}","templated":true}]}}